{"id":338,"date":"2019-05-29T15:40:57","date_gmt":"2019-05-29T18:40:57","guid":{"rendered":"http:\/\/sanordesteriosul.com.br\/?page_id=338"},"modified":"2025-08-28T16:29:18","modified_gmt":"2025-08-28T19:29:18","slug":"fale-conosco","status":"publish","type":"page","link":"https:\/\/sanordesteriosul.com.br\/index.php\/fale-conosco\/","title":{"rendered":"Fale Conosco"},"content":{"rendered":"\t\t<div data-elementor-type=\"post\" data-elementor-id=\"338\" class=\"elementor elementor-338\" data-elementor-settings=\"[]\">\n\t\t\t<div class=\"elementor-inner\">\n\t\t\t\t<div class=\"elementor-section-wrap\">\n\t\t\t\t\t\t\t<section class=\"elementor-element elementor-element-fa5b3ef elementor-section-boxed elementor-section-height-default elementor-section-height-default elementor-section elementor-top-section\" data-id=\"fa5b3ef\" data-element_type=\"section\" data-settings=\"{&quot;background_background&quot;:&quot;classic&quot;}\">\n\t\t\t\t\t\t<div class=\"elementor-container elementor-column-gap-default\">\n\t\t\t\t<div class=\"elementor-row\">\n\t\t\t\t<div class=\"elementor-element elementor-element-d2b60fa elementor-column elementor-col-50 elementor-top-column\" data-id=\"d2b60fa\" data-element_type=\"column\">\n\t\t\t<div class=\"elementor-column-wrap  elementor-element-populated\">\n\t\t\t\t\t<div class=\"elementor-widget-wrap\">\n\t\t\t\t<div class=\"elementor-element elementor-element-7c8374a elementor-widget elementor-widget-image\" data-id=\"7c8374a\" data-element_type=\"widget\" data-widget_type=\"image.default\">\n\t\t\t\t<div class=\"elementor-widget-container\">\n\t\t\t\t\t<div class=\"elementor-image\">\n\t\t\t\t\t\t\t\t\t\t\t<a href=\"https:\/\/sanordesteriosul.com.br\" data-elementor-open-lightbox=\"\">\n\t\t\t\t\t\t\t<img loading=\"lazy\" decoding=\"async\" width=\"497\" height=\"137\" src=\"https:\/\/sanordesteriosul.com.br\/wp-content\/uploads\/2021\/01\/logomassas.png\" class=\"attachment-large size-large\" alt=\"\" srcset=\"https:\/\/sanordesteriosul.com.br\/wp-content\/uploads\/2021\/01\/logomassas.png 497w, https:\/\/sanordesteriosul.com.br\/wp-content\/uploads\/2021\/01\/logomassas-300x83.png 300w\" sizes=\"auto, (max-width: 497px) 85vw, 497px\" \/>\t\t\t\t\t\t\t\t<\/a>\n\t\t\t\t\t\t\t\t\t\t\t<\/div>\n\t\t\t\t<\/div>\n\t\t\t\t<\/div>\n\t\t\t\t\t\t<\/div>\n\t\t\t<\/div>\n\t\t<\/div>\n\t\t\t\t<div class=\"elementor-element elementor-element-fd7c62a elementor-column elementor-col-50 elementor-top-column\" data-id=\"fd7c62a\" data-element_type=\"column\">\n\t\t\t<div class=\"elementor-column-wrap  elementor-element-populated\">\n\t\t\t\t\t<div class=\"elementor-widget-wrap\">\n\t\t\t\t<div class=\"elementor-element elementor-element-9190762 elementor-widget elementor-widget-heading\" data-id=\"9190762\" data-element_type=\"widget\" data-widget_type=\"heading.default\">\n\t\t\t\t<div class=\"elementor-widget-container\">\n\t\t\t<h1 class=\"elementor-heading-title elementor-size-xl\">Fale Conosco<\/h1>\t\t<\/div>\n\t\t\t\t<\/div>\n\t\t\t\t\t\t<\/div>\n\t\t\t<\/div>\n\t\t<\/div>\n\t\t\t\t\t\t<\/div>\n\t\t\t<\/div>\n\t\t<\/section>\n\t\t\t\t<section class=\"elementor-element elementor-element-9e30479 elementor-section-content-middle elementor-section-height-min-height elementor-section-boxed elementor-section-height-default elementor-section-items-middle elementor-section elementor-top-section\" data-id=\"9e30479\" data-element_type=\"section\" data-settings=\"{&quot;background_background&quot;:&quot;classic&quot;}\">\n\t\t\t\t\t\t<div class=\"elementor-container elementor-column-gap-no\">\n\t\t\t\t<div class=\"elementor-row\">\n\t\t\t\t<div class=\"elementor-element elementor-element-edd0df6 elementor-column elementor-col-100 elementor-top-column\" data-id=\"edd0df6\" data-element_type=\"column\">\n\t\t\t<div class=\"elementor-column-wrap  elementor-element-populated\">\n\t\t\t\t\t<div class=\"elementor-widget-wrap\">\n\t\t\t\t<div class=\"elementor-element elementor-element-2ed998b elementor-nav-menu__align-left elementor-nav-menu--indicator-classic elementor-nav-menu--dropdown-tablet elementor-nav-menu__text-align-aside elementor-nav-menu--toggle elementor-nav-menu--burger elementor-widget elementor-widget-nav-menu\" data-id=\"2ed998b\" data-element_type=\"widget\" data-settings=\"{&quot;layout&quot;:&quot;horizontal&quot;,&quot;toggle&quot;:&quot;burger&quot;}\" data-widget_type=\"nav-menu.default\">\n\t\t\t\t<div class=\"elementor-widget-container\">\n\t\t\t\t\t\t<nav class=\"elementor-nav-menu--main elementor-nav-menu__container elementor-nav-menu--layout-horizontal e--pointer-underline e--animation-grow\"><ul id=\"menu-1-2ed998b\" class=\"elementor-nav-menu\"><li class=\"menu-item menu-item-type-custom menu-item-object-custom menu-item-has-children menu-item-1114\"><a href=\"#\" class=\"elementor-item elementor-item-anchor\">Ativos<\/a>\n<ul class=\"sub-menu elementor-nav-menu--dropdown\">\n\t<li class=\"menu-item menu-item-type-post_type menu-item-object-page menu-item-1113\"><a href=\"https:\/\/sanordesteriosul.com.br\/index.php\/ativos-realizados\/\" class=\"elementor-sub-item\">Ativos Realizados<\/a><\/li>\n<\/ul>\n<\/li>\n<li class=\"menu-item menu-item-type-custom menu-item-object-custom menu-item-has-children menu-item-1687\"><a href=\"#\" class=\"elementor-item elementor-item-anchor\">Credores<\/a>\n<ul class=\"sub-menu elementor-nav-menu--dropdown\">\n\t<li class=\"menu-item menu-item-type-custom menu-item-object-custom menu-item-1688\"><a href=\"http:\/\/ffx.com.br\/nordeste\/index.php?option=com_joodb&#038;view=catalog&#038;Itemid=93\" class=\"elementor-sub-item\">Cr\u00e9ditos Trabalhistas<\/a><\/li>\n\t<li class=\"menu-item menu-item-type-custom menu-item-object-custom menu-item-1689\"><a href=\"http:\/\/ffx.com.br\/nordeste\/index.php?option=com_joodb&#038;view=catalog&#038;Itemid=94\" class=\"elementor-sub-item\">Cr\u00e9ditos com Garantia Real<\/a><\/li>\n\t<li class=\"menu-item menu-item-type-custom menu-item-object-custom menu-item-1690\"><a href=\"http:\/\/ffx.com.br\/nordeste\/index.php?option=com_joodb&#038;view=catalog&#038;Itemid=96\" class=\"elementor-sub-item\">Rateio 82 M<\/a><\/li>\n\t<li class=\"menu-item menu-item-type-post_type menu-item-object-page menu-item-1806\"><a href=\"https:\/\/sanordesteriosul.com.br\/index.php\/rateio_30_m\/\" class=\"elementor-sub-item\">Rateio 30 M<\/a><\/li>\n<\/ul>\n<\/li>\n<li class=\"menu-item menu-item-type-custom menu-item-object-custom menu-item-has-children menu-item-451\"><a href=\"#\" class=\"elementor-item elementor-item-anchor\">Documentos<\/a>\n<ul class=\"sub-menu elementor-nav-menu--dropdown\">\n\t<li class=\"menu-item menu-item-type-post_type menu-item-object-page menu-item-358\"><a href=\"https:\/\/sanordesteriosul.com.br\/index.php\/processo-por-volume\/\" class=\"elementor-sub-item\">Processo por Volume<\/a><\/li>\n\t<li class=\"menu-item menu-item-type-post_type menu-item-object-page menu-item-360\"><a href=\"https:\/\/sanordesteriosul.com.br\/index.php\/relacao-de-credores\/\" class=\"elementor-sub-item\">Rela\u00e7\u00e3o de Credores<\/a><\/li>\n\t<li class=\"menu-item menu-item-type-post_type menu-item-object-page menu-item-359\"><a href=\"https:\/\/sanordesteriosul.com.br\/index.php\/rateios\/\" class=\"elementor-sub-item\">Rateios<\/a><\/li>\n\t<li class=\"menu-item menu-item-type-post_type menu-item-object-page menu-item-361\"><a href=\"https:\/\/sanordesteriosul.com.br\/index.php\/relatorios-do-administrador-judicial\/\" class=\"elementor-sub-item\">Relat\u00f3rios do Administrador Judicial<\/a><\/li>\n\t<li class=\"menu-item menu-item-type-post_type menu-item-object-page menu-item-812\"><a href=\"https:\/\/sanordesteriosul.com.br\/index.php\/legislacao\/\" class=\"elementor-sub-item\">Legisla\u00e7\u00e3o<\/a><\/li>\n\t<li class=\"menu-item menu-item-type-post_type menu-item-object-page menu-item-1644\"><a href=\"https:\/\/sanordesteriosul.com.br\/index.php\/outros\/\" class=\"elementor-sub-item\">Outros Documentos<\/a><\/li>\n<\/ul>\n<\/li>\n<li class=\"menu-item menu-item-type-post_type menu-item-object-page menu-item-357\"><a href=\"https:\/\/sanordesteriosul.com.br\/index.php\/informes\/\" class=\"elementor-item\">Informes<\/a><\/li>\n<li class=\"menu-item menu-item-type-post_type menu-item-object-page menu-item-354\"><a href=\"https:\/\/sanordesteriosul.com.br\/index.php\/duvidas-frequentes\/\" class=\"elementor-item\">D\u00favidas Frequentes<\/a><\/li>\n<li class=\"menu-item menu-item-type-post_type menu-item-object-page menu-item-355\"><a href=\"https:\/\/sanordesteriosul.com.br\/index.php\/fale-conosco\/\" class=\"elementor-item\">Fale Conosco<\/a><\/li>\n<\/ul><\/nav>\n\t\t\t\t\t<div class=\"elementor-menu-toggle\">\n\t\t\t<i class=\"eicon\" aria-hidden=\"true\"><\/i>\n\t\t\t<span class=\"elementor-screen-only\">Menu<\/span>\n\t\t<\/div>\n\t\t<nav class=\"elementor-nav-menu--dropdown elementor-nav-menu__container\"><ul id=\"menu-2-2ed998b\" class=\"elementor-nav-menu\"><li class=\"menu-item menu-item-type-custom menu-item-object-custom menu-item-has-children menu-item-1114\"><a href=\"#\" class=\"elementor-item elementor-item-anchor\">Ativos<\/a>\n<ul class=\"sub-menu elementor-nav-menu--dropdown\">\n\t<li class=\"menu-item menu-item-type-post_type menu-item-object-page menu-item-1113\"><a href=\"https:\/\/sanordesteriosul.com.br\/index.php\/ativos-realizados\/\" class=\"elementor-sub-item\">Ativos Realizados<\/a><\/li>\n<\/ul>\n<\/li>\n<li class=\"menu-item menu-item-type-custom menu-item-object-custom menu-item-has-children menu-item-1687\"><a href=\"#\" class=\"elementor-item elementor-item-anchor\">Credores<\/a>\n<ul class=\"sub-menu elementor-nav-menu--dropdown\">\n\t<li class=\"menu-item menu-item-type-custom menu-item-object-custom menu-item-1688\"><a href=\"http:\/\/ffx.com.br\/nordeste\/index.php?option=com_joodb&#038;view=catalog&#038;Itemid=93\" class=\"elementor-sub-item\">Cr\u00e9ditos Trabalhistas<\/a><\/li>\n\t<li class=\"menu-item menu-item-type-custom menu-item-object-custom menu-item-1689\"><a href=\"http:\/\/ffx.com.br\/nordeste\/index.php?option=com_joodb&#038;view=catalog&#038;Itemid=94\" class=\"elementor-sub-item\">Cr\u00e9ditos com Garantia Real<\/a><\/li>\n\t<li class=\"menu-item menu-item-type-custom menu-item-object-custom menu-item-1690\"><a href=\"http:\/\/ffx.com.br\/nordeste\/index.php?option=com_joodb&#038;view=catalog&#038;Itemid=96\" class=\"elementor-sub-item\">Rateio 82 M<\/a><\/li>\n\t<li class=\"menu-item menu-item-type-post_type menu-item-object-page menu-item-1806\"><a href=\"https:\/\/sanordesteriosul.com.br\/index.php\/rateio_30_m\/\" class=\"elementor-sub-item\">Rateio 30 M<\/a><\/li>\n<\/ul>\n<\/li>\n<li class=\"menu-item menu-item-type-custom menu-item-object-custom menu-item-has-children menu-item-451\"><a href=\"#\" class=\"elementor-item elementor-item-anchor\">Documentos<\/a>\n<ul class=\"sub-menu elementor-nav-menu--dropdown\">\n\t<li class=\"menu-item menu-item-type-post_type menu-item-object-page menu-item-358\"><a href=\"https:\/\/sanordesteriosul.com.br\/index.php\/processo-por-volume\/\" class=\"elementor-sub-item\">Processo por Volume<\/a><\/li>\n\t<li class=\"menu-item menu-item-type-post_type menu-item-object-page menu-item-360\"><a href=\"https:\/\/sanordesteriosul.com.br\/index.php\/relacao-de-credores\/\" class=\"elementor-sub-item\">Rela\u00e7\u00e3o de Credores<\/a><\/li>\n\t<li class=\"menu-item menu-item-type-post_type menu-item-object-page menu-item-359\"><a href=\"https:\/\/sanordesteriosul.com.br\/index.php\/rateios\/\" class=\"elementor-sub-item\">Rateios<\/a><\/li>\n\t<li class=\"menu-item menu-item-type-post_type menu-item-object-page menu-item-361\"><a href=\"https:\/\/sanordesteriosul.com.br\/index.php\/relatorios-do-administrador-judicial\/\" class=\"elementor-sub-item\">Relat\u00f3rios do Administrador Judicial<\/a><\/li>\n\t<li class=\"menu-item menu-item-type-post_type menu-item-object-page menu-item-812\"><a href=\"https:\/\/sanordesteriosul.com.br\/index.php\/legislacao\/\" class=\"elementor-sub-item\">Legisla\u00e7\u00e3o<\/a><\/li>\n\t<li class=\"menu-item menu-item-type-post_type menu-item-object-page menu-item-1644\"><a href=\"https:\/\/sanordesteriosul.com.br\/index.php\/outros\/\" class=\"elementor-sub-item\">Outros Documentos<\/a><\/li>\n<\/ul>\n<\/li>\n<li class=\"menu-item menu-item-type-post_type menu-item-object-page menu-item-357\"><a href=\"https:\/\/sanordesteriosul.com.br\/index.php\/informes\/\" class=\"elementor-item\">Informes<\/a><\/li>\n<li class=\"menu-item menu-item-type-post_type menu-item-object-page menu-item-354\"><a href=\"https:\/\/sanordesteriosul.com.br\/index.php\/duvidas-frequentes\/\" class=\"elementor-item\">D\u00favidas Frequentes<\/a><\/li>\n<li class=\"menu-item menu-item-type-post_type menu-item-object-page menu-item-355\"><a href=\"https:\/\/sanordesteriosul.com.br\/index.php\/fale-conosco\/\" class=\"elementor-item\">Fale Conosco<\/a><\/li>\n<\/ul><\/nav>\n\t\t\t\t<\/div>\n\t\t\t\t<\/div>\n\t\t\t\t\t\t<\/div>\n\t\t\t<\/div>\n\t\t<\/div>\n\t\t\t\t\t\t<\/div>\n\t\t\t<\/div>\n\t\t<\/section>\n\t\t\t\t<section class=\"elementor-element elementor-element-4ea6be6a elementor-section-boxed elementor-section-height-default elementor-section-height-default elementor-section elementor-top-section\" data-id=\"4ea6be6a\" data-element_type=\"section\">\n\t\t\t\t\t\t<div class=\"elementor-container elementor-column-gap-default\">\n\t\t\t\t<div class=\"elementor-row\">\n\t\t\t\t<div class=\"elementor-element elementor-element-43c8bd5 elementor-column elementor-col-100 elementor-top-column\" data-id=\"43c8bd5\" data-element_type=\"column\">\n\t\t\t<div class=\"elementor-column-wrap  elementor-element-populated\">\n\t\t\t\t\t<div class=\"elementor-widget-wrap\">\n\t\t\t\t<div class=\"elementor-element elementor-element-832e246 elementor-widget elementor-widget-spacer\" data-id=\"832e246\" data-element_type=\"widget\" data-widget_type=\"spacer.default\">\n\t\t\t\t<div class=\"elementor-widget-container\">\n\t\t\t\t\t<div class=\"elementor-spacer\">\n\t\t\t<div class=\"elementor-spacer-inner\"><\/div>\n\t\t<\/div>\n\t\t\t\t<\/div>\n\t\t\t\t<\/div>\n\t\t\t\t<div class=\"elementor-element elementor-element-0e0d659 elementor-button-align-center elementor-widget elementor-widget-form\" data-id=\"0e0d659\" data-element_type=\"widget\" data-widget_type=\"form.default\">\n\t\t\t\t<div class=\"elementor-widget-container\">\n\t\t\t\t\t<form class=\"elementor-form\" method=\"post\" name=\"New Form\">\n\t\t\t<input type=\"hidden\" name=\"post_id\" value=\"338\"\/>\n\t\t\t<input type=\"hidden\" name=\"form_id\" value=\"0e0d659\"\/>\n\n\t\t\t<div class=\"elementor-form-fields-wrapper elementor-labels-above\">\n\t\t\t\t\t\t\t\t<div class=\"elementor-field-type-text elementor-field-group elementor-column elementor-field-group-name elementor-col-60 elementor-field-required\">\n\t\t\t\t\t<label for=\"form-field-name\" class=\"elementor-field-label\">Nome<\/label><input size=\"1\" type=\"text\" name=\"form_fields[name]\" id=\"form-field-name\" class=\"elementor-field elementor-size-sm  elementor-field-textual\" placeholder=\"Nome\" required=\"required\" aria-required=\"true\">\t\t\t\t<\/div>\n\t\t\t\t\t\t\t\t<div class=\"elementor-field-type-email elementor-field-group elementor-column elementor-field-group-email elementor-col-60 elementor-field-required\">\n\t\t\t\t\t<label for=\"form-field-email\" class=\"elementor-field-label\">E-mail<\/label><input size=\"1\" type=\"email\" name=\"form_fields[email]\" id=\"form-field-email\" class=\"elementor-field elementor-size-sm  elementor-field-textual\" placeholder=\"E-mail\" required=\"required\" aria-required=\"true\">\t\t\t\t<\/div>\n\t\t\t\t\t\t\t\t<div class=\"elementor-field-type-text elementor-field-group elementor-column elementor-field-group-field_1 elementor-col-60\">\n\t\t\t\t\t<label for=\"form-field-field_1\" class=\"elementor-field-label\">Estado<\/label><input size=\"1\" type=\"text\" name=\"form_fields[field_1]\" id=\"form-field-field_1\" class=\"elementor-field elementor-size-sm  elementor-field-textual\" placeholder=\"Estado\">\t\t\t\t<\/div>\n\t\t\t\t\t\t\t\t<div class=\"elementor-field-type-tel elementor-field-group elementor-column elementor-field-group-field_2 elementor-col-60\">\n\t\t\t\t\t<label for=\"form-field-field_2\" class=\"elementor-field-label\">Telefone<\/label><input size=\"1\" type=\"tel\" name=\"form_fields[field_2]\" id=\"form-field-field_2\" class=\"elementor-field elementor-size-sm  elementor-field-textual\" placeholder=\"Telefone\" pattern=\"[0-9()#&amp;+*-=.]+\" title=\"Apenas n\u00fameros e caracteres de telefone (#, -, *, etc.) s\u00e3o aceitos.\">\t\t\t\t<\/div>\n\t\t\t\t\t\t\t\t<div class=\"elementor-field-type-text elementor-field-group elementor-column elementor-field-group-field_3 elementor-col-60\">\n\t\t\t\t\t<label for=\"form-field-field_3\" class=\"elementor-field-label\">Assunto<\/label><input size=\"1\" type=\"text\" name=\"form_fields[field_3]\" id=\"form-field-field_3\" class=\"elementor-field elementor-size-sm  elementor-field-textual\" placeholder=\"Assunto\">\t\t\t\t<\/div>\n\t\t\t\t\t\t\t\t<div class=\"elementor-field-type-textarea elementor-field-group elementor-column elementor-field-group-message elementor-col-60\">\n\t\t\t\t\t<label for=\"form-field-message\" class=\"elementor-field-label\">Mensagem<\/label><textarea class=\"elementor-field-textual elementor-field  elementor-size-sm\" name=\"form_fields[message]\" id=\"form-field-message\" rows=\"10\"><\/textarea>\t\t\t\t<\/div>\n\t\t\t\t\t\t\t\t<div class=\"elementor-field-group elementor-column elementor-field-type-submit elementor-col-100\">\n\t\t\t\t\t<button type=\"submit\" class=\"elementor-button elementor-size-sm\">\n\t\t\t\t\t\t<span >\n\t\t\t\t\t\t\t\t\t\t\t\t\t\t\t\t\t\t\t\t\t\t<span class=\"elementor-button-text\">Enviar<\/span>\n\t\t\t\t\t\t\t\t\t\t\t\t\t<\/span>\n\t\t\t\t\t<\/button>\n\t\t\t\t<\/div>\n\t\t\t<\/div>\n\t\t<\/form>\n\t\t\t\t<\/div>\n\t\t\t\t<\/div>\n\t\t\t\t<div class=\"elementor-element elementor-element-d80ee4b elementor-widget elementor-widget-spacer\" data-id=\"d80ee4b\" data-element_type=\"widget\" data-widget_type=\"spacer.default\">\n\t\t\t\t<div class=\"elementor-widget-container\">\n\t\t\t\t\t<div class=\"elementor-spacer\">\n\t\t\t<div class=\"elementor-spacer-inner\"><\/div>\n\t\t<\/div>\n\t\t\t\t<\/div>\n\t\t\t\t<\/div>\n\t\t\t\t\t\t<\/div>\n\t\t\t<\/div>\n\t\t<\/div>\n\t\t\t\t\t\t<\/div>\n\t\t\t<\/div>\n\t\t<\/section>\n\t\t\t\t<section class=\"elementor-element elementor-element-541e2f21 elementor-section-height-min-height elementor-section-boxed elementor-section-height-default elementor-section-items-middle elementor-section elementor-top-section\" data-id=\"541e2f21\" data-element_type=\"section\" data-settings=\"{&quot;background_background&quot;:&quot;classic&quot;}\">\n\t\t\t\t\t\t<div class=\"elementor-container elementor-column-gap-default\">\n\t\t\t\t<div class=\"elementor-row\">\n\t\t\t\t<div class=\"elementor-element elementor-element-28baf80b elementor-column elementor-col-50 elementor-top-column\" data-id=\"28baf80b\" data-element_type=\"column\">\n\t\t\t<div class=\"elementor-column-wrap  elementor-element-populated\">\n\t\t\t\t\t<div class=\"elementor-widget-wrap\">\n\t\t\t\t<div class=\"elementor-element elementor-element-4a5d11d1 elementor-widget elementor-widget-image\" data-id=\"4a5d11d1\" data-element_type=\"widget\" data-widget_type=\"image.default\">\n\t\t\t\t<div class=\"elementor-widget-container\">\n\t\t\t\t\t<div class=\"elementor-image\">\n\t\t\t\t\t\t\t\t\t\t<img decoding=\"async\" src=\"https:\/\/sanordesteriosul.com.br\/wp-content\/uploads\/elementor\/thumbs\/logok2-qtp200dzmaa78mcq40l5k2feeehhjl1hc8ywiom01g.png\" title=\"logok2\" alt=\"logok2\" \/>\t\t\t\t\t\t\t\t\t\t\t<\/div>\n\t\t\t\t<\/div>\n\t\t\t\t<\/div>\n\t\t\t\t<div class=\"elementor-element elementor-element-27e48833 elementor-widget elementor-widget-text-editor\" data-id=\"27e48833\" data-element_type=\"widget\" data-widget_type=\"text-editor.default\">\n\t\t\t\t<div class=\"elementor-widget-container\">\n\t\t\t\t\t<div class=\"elementor-text-editor elementor-clearfix\"><p style=\"text-align: left;\"><span style=\"color: #ffffff;\">Administrador Judicial<\/span><\/p><\/div>\n\t\t\t\t<\/div>\n\t\t\t\t<\/div>\n\t\t\t\t\t\t<\/div>\n\t\t\t<\/div>\n\t\t<\/div>\n\t\t\t\t<div class=\"elementor-element elementor-element-11bcb208 elementor-column elementor-col-50 elementor-top-column\" data-id=\"11bcb208\" data-element_type=\"column\">\n\t\t\t<div class=\"elementor-column-wrap  elementor-element-populated\">\n\t\t\t\t\t<div class=\"elementor-widget-wrap\">\n\t\t\t\t<div class=\"elementor-element elementor-element-668084cb elementor-widget elementor-widget-text-editor\" data-id=\"668084cb\" data-element_type=\"widget\" data-widget_type=\"text-editor.default\">\n\t\t\t\t<div class=\"elementor-widget-container\">\n\t\t\t\t\t<div class=\"elementor-text-editor elementor-clearfix\"><p><span style=\"color: #ffffff;\">Contato:<br \/><\/span><span style=\"color: #ffffff;\">(21) 3827-4141 \/ (21) 3553-3239<br \/><\/span><span style=\"color: #ffffff;\"><a style=\"color: #ffffff;\" href=\"mailto:contato@k2consultoria.com\" target=\"_blank\" rel=\"noopener\">contato@k2consultoria.com<\/a><\/span><\/p><\/div>\n\t\t\t\t<\/div>\n\t\t\t\t<\/div>\n\t\t\t\t\t\t<\/div>\n\t\t\t<\/div>\n\t\t<\/div>\n\t\t\t\t\t\t<\/div>\n\t\t\t<\/div>\n\t\t<\/section>\n\t\t\t\t<section class=\"elementor-element elementor-element-27c011b2 elementor-section-full_width elementor-section-height-min-height elementor-section-height-default elementor-section-items-middle elementor-section elementor-top-section\" data-id=\"27c011b2\" data-element_type=\"section\" data-settings=\"{&quot;background_background&quot;:&quot;classic&quot;}\">\n\t\t\t\t\t\t<div class=\"elementor-container elementor-column-gap-default\">\n\t\t\t\t<div class=\"elementor-row\">\n\t\t\t\t<div class=\"elementor-element elementor-element-145fc9a9 elementor-column elementor-col-100 elementor-top-column\" data-id=\"145fc9a9\" data-element_type=\"column\">\n\t\t\t<div class=\"elementor-column-wrap  elementor-element-populated\">\n\t\t\t\t\t<div class=\"elementor-widget-wrap\">\n\t\t\t\t<div class=\"elementor-element elementor-element-6344cea5 elementor-widget elementor-widget-text-editor\" data-id=\"6344cea5\" data-element_type=\"widget\" data-widget_type=\"text-editor.default\">\n\t\t\t\t<div class=\"elementor-widget-container\">\n\t\t\t\t\t<div class=\"elementor-text-editor elementor-clearfix\"><p style=\"text-align: center;\"><span style=\"color: #ffffff; font-size: 10pt; font-family: arial, helvetica, sans-serif;\">Copyright \u00a9 2025 Massa Falida da S. A. Via\u00e7\u00e3o A\u00e9rea RioGrandense, Rio Sul e Nordeste. Todos os direitos reservados.<\/span><\/p><\/div>\n\t\t\t\t<\/div>\n\t\t\t\t<\/div>\n\t\t\t\t\t\t<\/div>\n\t\t\t<\/div>\n\t\t<\/div>\n\t\t\t\t\t\t<\/div>\n\t\t\t<\/div>\n\t\t<\/section>\n\t\t\t\t\t\t<\/div>\n\t\t\t<\/div>\n\t\t<\/div>\n\t\t","protected":false},"excerpt":{"rendered":"<p>Fale Conosco Administrador Judicial Contato:(21) 3827-4141 \/ (21) 3553-3239contato@k2consultoria.com Copyright \u00a9 2025 Massa Falida da S. A. Via\u00e7\u00e3o A\u00e9rea RioGrandense, Rio Sul e Nordeste. Todos os direitos reservados.<\/p>\n","protected":false},"author":1,"featured_media":0,"parent":0,"menu_order":0,"comment_status":"closed","ping_status":"closed","template":"elementor_canvas","meta":{"footnotes":""},"class_list":["post-338","page","type-page","status-publish","hentry"],"_links":{"self":[{"href":"https:\/\/sanordesteriosul.com.br\/index.php\/wp-json\/wp\/v2\/pages\/338","targetHints":{"allow":["GET"]}}],"collection":[{"href":"https:\/\/sanordesteriosul.com.br\/index.php\/wp-json\/wp\/v2\/pages"}],"about":[{"href":"https:\/\/sanordesteriosul.com.br\/index.php\/wp-json\/wp\/v2\/types\/page"}],"author":[{"embeddable":true,"href":"https:\/\/sanordesteriosul.com.br\/index.php\/wp-json\/wp\/v2\/users\/1"}],"replies":[{"embeddable":true,"href":"https:\/\/sanordesteriosul.com.br\/index.php\/wp-json\/wp\/v2\/comments?post=338"}],"version-history":[{"count":27,"href":"https:\/\/sanordesteriosul.com.br\/index.php\/wp-json\/wp\/v2\/pages\/338\/revisions"}],"predecessor-version":[{"id":2430,"href":"https:\/\/sanordesteriosul.com.br\/index.php\/wp-json\/wp\/v2\/pages\/338\/revisions\/2430"}],"wp:attachment":[{"href":"https:\/\/sanordesteriosul.com.br\/index.php\/wp-json\/wp\/v2\/media?parent=338"}],"curies":[{"name":"wp","href":"https:\/\/api.w.org\/{rel}","templated":true}]}}