{"id":342,"date":"2019-05-29T15:42:04","date_gmt":"2019-05-29T18:42:04","guid":{"rendered":"http:\/\/sanordesteriosul.com.br\/?page_id=342"},"modified":"2025-08-28T16:12:21","modified_gmt":"2025-08-28T19:12:21","slug":"relacao-de-credores","status":"publish","type":"page","link":"https:\/\/sanordesteriosul.com.br\/index.php\/relacao-de-credores\/","title":{"rendered":"Rela\u00e7\u00e3o de Credores"},"content":{"rendered":"\t\t<div data-elementor-type=\"post\" data-elementor-id=\"342\" class=\"elementor elementor-342\" data-elementor-settings=\"[]\">\n\t\t\t<div class=\"elementor-inner\">\n\t\t\t\t<div class=\"elementor-section-wrap\">\n\t\t\t\t\t\t\t<section class=\"elementor-element elementor-element-aa95222 elementor-section-boxed elementor-section-height-default elementor-section-height-default elementor-section elementor-top-section\" data-id=\"aa95222\" data-element_type=\"section\" data-settings=\"{&quot;background_background&quot;:&quot;classic&quot;}\">\n\t\t\t\t\t\t<div class=\"elementor-container elementor-column-gap-default\">\n\t\t\t\t<div class=\"elementor-row\">\n\t\t\t\t<div class=\"elementor-element elementor-element-0babdad elementor-column elementor-col-50 elementor-top-column\" data-id=\"0babdad\" data-element_type=\"column\">\n\t\t\t<div class=\"elementor-column-wrap  elementor-element-populated\">\n\t\t\t\t\t<div class=\"elementor-widget-wrap\">\n\t\t\t\t<div class=\"elementor-element elementor-element-f1424ca elementor-widget elementor-widget-image\" data-id=\"f1424ca\" data-element_type=\"widget\" data-widget_type=\"image.default\">\n\t\t\t\t<div class=\"elementor-widget-container\">\n\t\t\t\t\t<div class=\"elementor-image\">\n\t\t\t\t\t\t\t\t\t\t\t<a href=\"https:\/\/sanordesteriosul.com.br\" data-elementor-open-lightbox=\"\">\n\t\t\t\t\t\t\t<img loading=\"lazy\" decoding=\"async\" width=\"497\" height=\"137\" src=\"https:\/\/sanordesteriosul.com.br\/wp-content\/uploads\/2021\/01\/logomassas.png\" class=\"attachment-large size-large\" alt=\"\" srcset=\"https:\/\/sanordesteriosul.com.br\/wp-content\/uploads\/2021\/01\/logomassas.png 497w, https:\/\/sanordesteriosul.com.br\/wp-content\/uploads\/2021\/01\/logomassas-300x83.png 300w\" sizes=\"auto, (max-width: 497px) 85vw, 497px\" \/>\t\t\t\t\t\t\t\t<\/a>\n\t\t\t\t\t\t\t\t\t\t\t<\/div>\n\t\t\t\t<\/div>\n\t\t\t\t<\/div>\n\t\t\t\t\t\t<\/div>\n\t\t\t<\/div>\n\t\t<\/div>\n\t\t\t\t<div class=\"elementor-element elementor-element-aca912a elementor-column elementor-col-50 elementor-top-column\" data-id=\"aca912a\" data-element_type=\"column\">\n\t\t\t<div class=\"elementor-column-wrap  elementor-element-populated\">\n\t\t\t\t\t<div class=\"elementor-widget-wrap\">\n\t\t\t\t<div class=\"elementor-element elementor-element-ea713b6 elementor-widget elementor-widget-heading\" data-id=\"ea713b6\" data-element_type=\"widget\" data-widget_type=\"heading.default\">\n\t\t\t\t<div class=\"elementor-widget-container\">\n\t\t\t<h1 class=\"elementor-heading-title elementor-size-xl\">Rela\u00e7\u00e3o de Credores<\/h1>\t\t<\/div>\n\t\t\t\t<\/div>\n\t\t\t\t\t\t<\/div>\n\t\t\t<\/div>\n\t\t<\/div>\n\t\t\t\t\t\t<\/div>\n\t\t\t<\/div>\n\t\t<\/section>\n\t\t\t\t<section class=\"elementor-element elementor-element-ad6ec09 elementor-section-content-middle elementor-section-height-min-height elementor-section-boxed elementor-section-height-default elementor-section-items-middle elementor-section elementor-top-section\" data-id=\"ad6ec09\" data-element_type=\"section\" data-settings=\"{&quot;background_background&quot;:&quot;classic&quot;}\">\n\t\t\t\t\t\t<div class=\"elementor-container elementor-column-gap-no\">\n\t\t\t\t<div class=\"elementor-row\">\n\t\t\t\t<div class=\"elementor-element elementor-element-443e19c elementor-column elementor-col-100 elementor-top-column\" data-id=\"443e19c\" data-element_type=\"column\">\n\t\t\t<div class=\"elementor-column-wrap  elementor-element-populated\">\n\t\t\t\t\t<div class=\"elementor-widget-wrap\">\n\t\t\t\t<div class=\"elementor-element elementor-element-be9156a elementor-nav-menu__align-left elementor-nav-menu--indicator-classic elementor-nav-menu--dropdown-tablet elementor-nav-menu__text-align-aside elementor-nav-menu--toggle elementor-nav-menu--burger elementor-widget elementor-widget-nav-menu\" data-id=\"be9156a\" data-element_type=\"widget\" data-settings=\"{&quot;layout&quot;:&quot;horizontal&quot;,&quot;toggle&quot;:&quot;burger&quot;}\" data-widget_type=\"nav-menu.default\">\n\t\t\t\t<div class=\"elementor-widget-container\">\n\t\t\t\t\t\t<nav class=\"elementor-nav-menu--main elementor-nav-menu__container elementor-nav-menu--layout-horizontal e--pointer-underline e--animation-grow\"><ul id=\"menu-1-be9156a\" class=\"elementor-nav-menu\"><li class=\"menu-item menu-item-type-custom menu-item-object-custom menu-item-has-children menu-item-1114\"><a href=\"#\" class=\"elementor-item elementor-item-anchor\">Ativos<\/a>\n<ul class=\"sub-menu elementor-nav-menu--dropdown\">\n\t<li class=\"menu-item menu-item-type-post_type menu-item-object-page menu-item-1113\"><a href=\"https:\/\/sanordesteriosul.com.br\/index.php\/ativos-realizados\/\" class=\"elementor-sub-item\">Ativos Realizados<\/a><\/li>\n<\/ul>\n<\/li>\n<li class=\"menu-item menu-item-type-custom menu-item-object-custom menu-item-has-children menu-item-1687\"><a href=\"#\" class=\"elementor-item elementor-item-anchor\">Credores<\/a>\n<ul class=\"sub-menu elementor-nav-menu--dropdown\">\n\t<li class=\"menu-item menu-item-type-custom menu-item-object-custom menu-item-1688\"><a href=\"http:\/\/ffx.com.br\/nordeste\/index.php?option=com_joodb&#038;view=catalog&#038;Itemid=93\" class=\"elementor-sub-item\">Cr\u00e9ditos Trabalhistas<\/a><\/li>\n\t<li class=\"menu-item menu-item-type-custom menu-item-object-custom menu-item-1689\"><a href=\"http:\/\/ffx.com.br\/nordeste\/index.php?option=com_joodb&#038;view=catalog&#038;Itemid=94\" class=\"elementor-sub-item\">Cr\u00e9ditos com Garantia Real<\/a><\/li>\n\t<li class=\"menu-item menu-item-type-custom menu-item-object-custom menu-item-1690\"><a href=\"http:\/\/ffx.com.br\/nordeste\/index.php?option=com_joodb&#038;view=catalog&#038;Itemid=96\" class=\"elementor-sub-item\">Rateio 82 M<\/a><\/li>\n\t<li class=\"menu-item menu-item-type-post_type menu-item-object-page menu-item-1806\"><a href=\"https:\/\/sanordesteriosul.com.br\/index.php\/rateio_30_m\/\" class=\"elementor-sub-item\">Rateio 30 M<\/a><\/li>\n<\/ul>\n<\/li>\n<li class=\"menu-item menu-item-type-custom menu-item-object-custom menu-item-has-children menu-item-451\"><a href=\"#\" class=\"elementor-item elementor-item-anchor\">Documentos<\/a>\n<ul class=\"sub-menu elementor-nav-menu--dropdown\">\n\t<li class=\"menu-item menu-item-type-post_type menu-item-object-page menu-item-358\"><a href=\"https:\/\/sanordesteriosul.com.br\/index.php\/processo-por-volume\/\" class=\"elementor-sub-item\">Processo por Volume<\/a><\/li>\n\t<li class=\"menu-item menu-item-type-post_type menu-item-object-page menu-item-360\"><a href=\"https:\/\/sanordesteriosul.com.br\/index.php\/relacao-de-credores\/\" class=\"elementor-sub-item\">Rela\u00e7\u00e3o de Credores<\/a><\/li>\n\t<li class=\"menu-item menu-item-type-post_type menu-item-object-page menu-item-359\"><a href=\"https:\/\/sanordesteriosul.com.br\/index.php\/rateios\/\" class=\"elementor-sub-item\">Rateios<\/a><\/li>\n\t<li class=\"menu-item menu-item-type-post_type menu-item-object-page menu-item-361\"><a href=\"https:\/\/sanordesteriosul.com.br\/index.php\/relatorios-do-administrador-judicial\/\" class=\"elementor-sub-item\">Relat\u00f3rios do Administrador Judicial<\/a><\/li>\n\t<li class=\"menu-item menu-item-type-post_type menu-item-object-page menu-item-812\"><a href=\"https:\/\/sanordesteriosul.com.br\/index.php\/legislacao\/\" class=\"elementor-sub-item\">Legisla\u00e7\u00e3o<\/a><\/li>\n\t<li class=\"menu-item menu-item-type-post_type menu-item-object-page menu-item-1644\"><a href=\"https:\/\/sanordesteriosul.com.br\/index.php\/outros\/\" class=\"elementor-sub-item\">Outros Documentos<\/a><\/li>\n<\/ul>\n<\/li>\n<li class=\"menu-item menu-item-type-post_type menu-item-object-page menu-item-357\"><a href=\"https:\/\/sanordesteriosul.com.br\/index.php\/informes\/\" class=\"elementor-item\">Informes<\/a><\/li>\n<li class=\"menu-item menu-item-type-post_type menu-item-object-page menu-item-354\"><a href=\"https:\/\/sanordesteriosul.com.br\/index.php\/duvidas-frequentes\/\" class=\"elementor-item\">D\u00favidas Frequentes<\/a><\/li>\n<li class=\"menu-item menu-item-type-post_type menu-item-object-page menu-item-355\"><a href=\"https:\/\/sanordesteriosul.com.br\/index.php\/fale-conosco\/\" class=\"elementor-item\">Fale Conosco<\/a><\/li>\n<\/ul><\/nav>\n\t\t\t\t\t<div class=\"elementor-menu-toggle\">\n\t\t\t<i class=\"eicon\" aria-hidden=\"true\"><\/i>\n\t\t\t<span class=\"elementor-screen-only\">Menu<\/span>\n\t\t<\/div>\n\t\t<nav class=\"elementor-nav-menu--dropdown elementor-nav-menu__container\"><ul id=\"menu-2-be9156a\" class=\"elementor-nav-menu\"><li class=\"menu-item menu-item-type-custom menu-item-object-custom menu-item-has-children menu-item-1114\"><a href=\"#\" class=\"elementor-item elementor-item-anchor\">Ativos<\/a>\n<ul class=\"sub-menu elementor-nav-menu--dropdown\">\n\t<li class=\"menu-item menu-item-type-post_type menu-item-object-page menu-item-1113\"><a href=\"https:\/\/sanordesteriosul.com.br\/index.php\/ativos-realizados\/\" class=\"elementor-sub-item\">Ativos Realizados<\/a><\/li>\n<\/ul>\n<\/li>\n<li class=\"menu-item menu-item-type-custom menu-item-object-custom menu-item-has-children menu-item-1687\"><a href=\"#\" class=\"elementor-item elementor-item-anchor\">Credores<\/a>\n<ul class=\"sub-menu elementor-nav-menu--dropdown\">\n\t<li class=\"menu-item menu-item-type-custom menu-item-object-custom menu-item-1688\"><a href=\"http:\/\/ffx.com.br\/nordeste\/index.php?option=com_joodb&#038;view=catalog&#038;Itemid=93\" class=\"elementor-sub-item\">Cr\u00e9ditos Trabalhistas<\/a><\/li>\n\t<li class=\"menu-item menu-item-type-custom menu-item-object-custom menu-item-1689\"><a href=\"http:\/\/ffx.com.br\/nordeste\/index.php?option=com_joodb&#038;view=catalog&#038;Itemid=94\" class=\"elementor-sub-item\">Cr\u00e9ditos com Garantia Real<\/a><\/li>\n\t<li class=\"menu-item menu-item-type-custom menu-item-object-custom menu-item-1690\"><a href=\"http:\/\/ffx.com.br\/nordeste\/index.php?option=com_joodb&#038;view=catalog&#038;Itemid=96\" class=\"elementor-sub-item\">Rateio 82 M<\/a><\/li>\n\t<li class=\"menu-item menu-item-type-post_type menu-item-object-page menu-item-1806\"><a href=\"https:\/\/sanordesteriosul.com.br\/index.php\/rateio_30_m\/\" class=\"elementor-sub-item\">Rateio 30 M<\/a><\/li>\n<\/ul>\n<\/li>\n<li class=\"menu-item menu-item-type-custom menu-item-object-custom menu-item-has-children menu-item-451\"><a href=\"#\" class=\"elementor-item elementor-item-anchor\">Documentos<\/a>\n<ul class=\"sub-menu elementor-nav-menu--dropdown\">\n\t<li class=\"menu-item menu-item-type-post_type menu-item-object-page menu-item-358\"><a href=\"https:\/\/sanordesteriosul.com.br\/index.php\/processo-por-volume\/\" class=\"elementor-sub-item\">Processo por Volume<\/a><\/li>\n\t<li class=\"menu-item menu-item-type-post_type menu-item-object-page menu-item-360\"><a href=\"https:\/\/sanordesteriosul.com.br\/index.php\/relacao-de-credores\/\" class=\"elementor-sub-item\">Rela\u00e7\u00e3o de Credores<\/a><\/li>\n\t<li class=\"menu-item menu-item-type-post_type menu-item-object-page menu-item-359\"><a href=\"https:\/\/sanordesteriosul.com.br\/index.php\/rateios\/\" class=\"elementor-sub-item\">Rateios<\/a><\/li>\n\t<li class=\"menu-item menu-item-type-post_type menu-item-object-page menu-item-361\"><a href=\"https:\/\/sanordesteriosul.com.br\/index.php\/relatorios-do-administrador-judicial\/\" class=\"elementor-sub-item\">Relat\u00f3rios do Administrador Judicial<\/a><\/li>\n\t<li class=\"menu-item menu-item-type-post_type menu-item-object-page menu-item-812\"><a href=\"https:\/\/sanordesteriosul.com.br\/index.php\/legislacao\/\" class=\"elementor-sub-item\">Legisla\u00e7\u00e3o<\/a><\/li>\n\t<li class=\"menu-item menu-item-type-post_type menu-item-object-page menu-item-1644\"><a href=\"https:\/\/sanordesteriosul.com.br\/index.php\/outros\/\" class=\"elementor-sub-item\">Outros Documentos<\/a><\/li>\n<\/ul>\n<\/li>\n<li class=\"menu-item menu-item-type-post_type menu-item-object-page menu-item-357\"><a href=\"https:\/\/sanordesteriosul.com.br\/index.php\/informes\/\" class=\"elementor-item\">Informes<\/a><\/li>\n<li class=\"menu-item menu-item-type-post_type menu-item-object-page menu-item-354\"><a href=\"https:\/\/sanordesteriosul.com.br\/index.php\/duvidas-frequentes\/\" class=\"elementor-item\">D\u00favidas Frequentes<\/a><\/li>\n<li class=\"menu-item menu-item-type-post_type menu-item-object-page menu-item-355\"><a href=\"https:\/\/sanordesteriosul.com.br\/index.php\/fale-conosco\/\" class=\"elementor-item\">Fale Conosco<\/a><\/li>\n<\/ul><\/nav>\n\t\t\t\t<\/div>\n\t\t\t\t<\/div>\n\t\t\t\t\t\t<\/div>\n\t\t\t<\/div>\n\t\t<\/div>\n\t\t\t\t\t\t<\/div>\n\t\t\t<\/div>\n\t\t<\/section>\n\t\t\t\t<section class=\"elementor-element elementor-element-ae6a24b elementor-section-full_width elementor-section-height-default elementor-section-height-default elementor-section elementor-top-section\" data-id=\"ae6a24b\" data-element_type=\"section\">\n\t\t\t\t\t\t<div class=\"elementor-container elementor-column-gap-default\">\n\t\t\t\t<div class=\"elementor-row\">\n\t\t\t\t<div class=\"elementor-element elementor-element-e50cd6e elementor-column elementor-col-100 elementor-top-column\" data-id=\"e50cd6e\" data-element_type=\"column\">\n\t\t\t<div class=\"elementor-column-wrap  elementor-element-populated\">\n\t\t\t\t\t<div class=\"elementor-widget-wrap\">\n\t\t\t\t<div class=\"elementor-element elementor-element-9a2c61a elementor-widget elementor-widget-spacer\" data-id=\"9a2c61a\" data-element_type=\"widget\" data-widget_type=\"spacer.default\">\n\t\t\t\t<div class=\"elementor-widget-container\">\n\t\t\t\t\t<div class=\"elementor-spacer\">\n\t\t\t<div class=\"elementor-spacer-inner\"><\/div>\n\t\t<\/div>\n\t\t\t\t<\/div>\n\t\t\t\t<\/div>\n\t\t\t\t\t\t<\/div>\n\t\t\t<\/div>\n\t\t<\/div>\n\t\t\t\t\t\t<\/div>\n\t\t\t<\/div>\n\t\t<\/section>\n\t\t\t\t<section class=\"elementor-element elementor-element-7d48aa1 elementor-section-boxed elementor-section-height-default elementor-section-height-default elementor-section elementor-top-section\" data-id=\"7d48aa1\" data-element_type=\"section\">\n\t\t\t\t\t\t<div class=\"elementor-container elementor-column-gap-default\">\n\t\t\t\t<div class=\"elementor-row\">\n\t\t\t\t<div class=\"elementor-element elementor-element-d1b5482 elementor-column elementor-col-100 elementor-top-column\" data-id=\"d1b5482\" data-element_type=\"column\">\n\t\t\t<div class=\"elementor-column-wrap  elementor-element-populated\">\n\t\t\t\t\t<div class=\"elementor-widget-wrap\">\n\t\t\t\t<div class=\"elementor-element elementor-element-a039c41 elementor-tabs-view-vertical elementor-widget elementor-widget-tabs\" data-id=\"a039c41\" data-element_type=\"widget\" data-widget_type=\"tabs.default\">\n\t\t\t\t<div class=\"elementor-widget-container\">\n\t\t\t\t\t<div class=\"elementor-tabs\" role=\"tablist\">\n\t\t\t<div class=\"elementor-tabs-wrapper\">\n\t\t\t\t\t\t\t\t\t<div id=\"elementor-tab-title-1681\" class=\"elementor-tab-title elementor-tab-desktop-title\" data-tab=\"1\" role=\"tab\" aria-controls=\"elementor-tab-content-1681\"><a href=\"\">2\u00aa Rela\u00e7\u00e3o de Credores<\/a><\/div>\n\t\t\t\t\t\t\t\t\t<div id=\"elementor-tab-title-1682\" class=\"elementor-tab-title elementor-tab-desktop-title\" data-tab=\"2\" role=\"tab\" aria-controls=\"elementor-tab-content-1682\"><a href=\"\">1\u00aa Rela\u00e7\u00e3o de Credores<\/a><\/div>\n\t\t\t\t\t\t\t<\/div>\n\t\t\t<div class=\"elementor-tabs-content-wrapper\">\n\t\t\t\t\t\t\t\t\t<div class=\"elementor-tab-title elementor-tab-mobile-title\" data-tab=\"1\" role=\"tab\">2\u00aa Rela\u00e7\u00e3o de Credores<\/div>\n\t\t\t\t\t<div id=\"elementor-tab-content-1681\" class=\"elementor-tab-content elementor-clearfix\" data-tab=\"1\" role=\"tabpanel\" aria-labelledby=\"elementor-tab-title-1681\"><p><span style=\"font-size: 12pt;\">Lista de Credores &#8211; Concursal Classe 1 &#8211; SAVARG (<a href=\"http:\/\/sanordesteriosul.com.br\/wp-content\/uploads\/2019\/06\/1-2\u00aa-Rela\u00e7\u00e3o-de-Credores-Concursal-CLASSE-1-SAVARG-1.pdf\" target=\"_blank\" rel=\"noopener\">Download<\/a>)<\/span><\/p><p><span style=\"font-size: 12pt;\">Lista de Credores &#8211; Concursal Classe 1 &#8211; RIO SUL (<a href=\"http:\/\/sanordesteriosul.com.br\/wp-content\/uploads\/2019\/06\/2-2\u00aa-Rela\u00e7\u00e3o-de-Credores-Concursal-CLASSE-1-RIOSUL-1.pdf\" target=\"_blank\" rel=\"noopener\">Download<\/a>)<\/span><\/p><p><span style=\"font-size: 12pt;\">Lista de Credores &#8211; Concursal Classe 1 &#8211; NORDESTE (<a href=\"http:\/\/sanordesteriosul.com.br\/wp-content\/uploads\/2019\/06\/3-2\u00aa-Rela\u00e7\u00e3o-de-Credores-Concursal-CLASSE-1-NORDESTE-1.pdf\" target=\"_blank\" rel=\"noopener\">Download<\/a>)<\/span><\/p><p><span style=\"font-size: 12pt;\">Credores Extraconcursais Classe 1 &#8211; SAVARG (<a href=\"http:\/\/sanordesteriosul.com.br\/wp-content\/uploads\/2019\/06\/4-Credores-Extraconcursais-CLASSE-1-SAVARG-1.pdf\" target=\"_blank\" rel=\"noopener\">Download<\/a>)<\/span><\/p><p><span style=\"font-size: 12pt;\">Credores Extraconcursais Classe 1 &#8211; NORDESTE (<a href=\"http:\/\/sanordesteriosul.com.br\/wp-content\/uploads\/2019\/06\/5-Credores-Extraconcursais-CLASSE-1-NORDESTE-1.pdf\" target=\"_blank\" rel=\"noopener\">Download<\/a>)<\/span><\/p><p><span style=\"font-size: 12pt;\">\u00a0<\/span>Lista de Credores &#8211; Concursal Classe 3 &#8211; SAVARG-RIOSUL-NORDESTE\u00a0<span style=\"font-size: 12pt;\">\u00a0(<\/span><a style=\"font-size: 1rem; background-color: #ffffff;\" href=\"http:\/\/sanordesteriosul.com.br\/wp-content\/uploads\/2020\/11\/Rela%C3%A7%C3%A3o-de-Credores-Privil%C3%A9gio-Especial.pdf\" target=\"_blank\" rel=\"noopener\">Download<\/a><span style=\"font-size: 12pt;\">)<\/span><\/p><p>Lista de Credores &#8211; Tribut\u00e1rio &#8211; SAVARG-RIOSUL-NORDESTE<span style=\"font-size: 12pt;\">\u00a0(<\/span><a href=\"http:\/\/sanordesteriosul.com.br\/wp-content\/uploads\/2020\/11\/Rela\u00e7\u00e3o-de-Credores-Tribut\u00e1rio.pdf\" target=\"_blank\" rel=\"noopener\">Download<\/a><span style=\"font-size: 12pt;\">)<\/span><\/p><\/div>\n\t\t\t\t\t\t\t\t\t<div class=\"elementor-tab-title elementor-tab-mobile-title\" data-tab=\"2\" role=\"tab\">1\u00aa Rela\u00e7\u00e3o de Credores<\/div>\n\t\t\t\t\t<div id=\"elementor-tab-content-1682\" class=\"elementor-tab-content elementor-clearfix\" data-tab=\"2\" role=\"tabpanel\" aria-labelledby=\"elementor-tab-title-1682\"><p><span style=\"font-size: 12pt;\">Lista de Credores &#8211; Concursal Classe 1 (<a href=\"http:\/\/sanordesteriosul.com.br\/wp-content\/uploads\/2019\/06\/QGC_FALENCIA_CL_1-1.pdf\" target=\"_blank\" rel=\"noopener\">Download<\/a>)<\/span><\/p><p><span style=\"font-size: 12pt;\">Lista de Credores &#8211; Concursal Classe 2 (<a href=\"http:\/\/sanordesteriosul.com.br\/wp-content\/uploads\/2019\/06\/QGC_FALENCIA_CL_2-1.pdf\" target=\"_blank\" rel=\"noopener\">Download<\/a>)<\/span><\/p><p><span style=\"font-size: 12pt;\">Lista de Credores &#8211; Concursal Classe 3 (<a href=\"http:\/\/sanordesteriosul.com.br\/wp-content\/uploads\/2019\/06\/QGC_FALENCIA_CL_3-1.pdf\" target=\"_blank\" rel=\"noopener\">Download<\/a>)<\/span><\/p><p><span style=\"font-size: 12pt;\">Lista de Credores &#8211; Concursal Classe &#8211; Fisco (<a href=\"http:\/\/sanordesteriosul.com.br\/wp-content\/uploads\/2019\/06\/QGC_FALENCIA_FISCO.pdf\" target=\"_blank\" rel=\"noopener\">Download<\/a>)<\/span><\/p><\/div>\n\t\t\t\t\t\t\t<\/div>\n\t\t<\/div>\n\t\t\t\t<\/div>\n\t\t\t\t<\/div>\n\t\t\t\t\t\t<\/div>\n\t\t\t<\/div>\n\t\t<\/div>\n\t\t\t\t\t\t<\/div>\n\t\t\t<\/div>\n\t\t<\/section>\n\t\t\t\t<section class=\"elementor-element elementor-element-56822baa elementor-section-height-min-height elementor-section-boxed elementor-section-height-default elementor-section-items-middle elementor-section elementor-top-section\" data-id=\"56822baa\" data-element_type=\"section\" data-settings=\"{&quot;background_background&quot;:&quot;classic&quot;}\">\n\t\t\t\t\t\t<div class=\"elementor-container elementor-column-gap-default\">\n\t\t\t\t<div class=\"elementor-row\">\n\t\t\t\t<div class=\"elementor-element elementor-element-52d98c4c elementor-column elementor-col-50 elementor-top-column\" data-id=\"52d98c4c\" data-element_type=\"column\">\n\t\t\t<div class=\"elementor-column-wrap  elementor-element-populated\">\n\t\t\t\t\t<div class=\"elementor-widget-wrap\">\n\t\t\t\t<div class=\"elementor-element elementor-element-6ab31219 elementor-widget elementor-widget-image\" data-id=\"6ab31219\" data-element_type=\"widget\" data-widget_type=\"image.default\">\n\t\t\t\t<div class=\"elementor-widget-container\">\n\t\t\t\t\t<div class=\"elementor-image\">\n\t\t\t\t\t\t\t\t\t\t<img decoding=\"async\" src=\"https:\/\/sanordesteriosul.com.br\/wp-content\/uploads\/elementor\/thumbs\/logok2-qtp200dzmaa78mcq40l5k2feeehhjl1hc8ywiom01g.png\" title=\"logok2\" alt=\"logok2\" \/>\t\t\t\t\t\t\t\t\t\t\t<\/div>\n\t\t\t\t<\/div>\n\t\t\t\t<\/div>\n\t\t\t\t<div class=\"elementor-element elementor-element-4fd0e377 elementor-widget elementor-widget-text-editor\" data-id=\"4fd0e377\" data-element_type=\"widget\" data-widget_type=\"text-editor.default\">\n\t\t\t\t<div class=\"elementor-widget-container\">\n\t\t\t\t\t<div class=\"elementor-text-editor elementor-clearfix\"><p style=\"text-align: left;\"><span style=\"color: #ffffff;\">Administrador Judicial<\/span><\/p><\/div>\n\t\t\t\t<\/div>\n\t\t\t\t<\/div>\n\t\t\t\t\t\t<\/div>\n\t\t\t<\/div>\n\t\t<\/div>\n\t\t\t\t<div class=\"elementor-element elementor-element-58953ce2 elementor-column elementor-col-50 elementor-top-column\" data-id=\"58953ce2\" data-element_type=\"column\">\n\t\t\t<div class=\"elementor-column-wrap  elementor-element-populated\">\n\t\t\t\t\t<div class=\"elementor-widget-wrap\">\n\t\t\t\t<div class=\"elementor-element elementor-element-1276f423 elementor-widget elementor-widget-text-editor\" data-id=\"1276f423\" data-element_type=\"widget\" data-widget_type=\"text-editor.default\">\n\t\t\t\t<div class=\"elementor-widget-container\">\n\t\t\t\t\t<div class=\"elementor-text-editor elementor-clearfix\"><p><span style=\"color: #ffffff;\">Contato:<br \/><\/span><span style=\"color: #ffffff;\">(21) 3827-4141 \/ (21) 3553-3239<br \/><\/span><span style=\"color: #ffffff;\"><a style=\"color: #ffffff;\" href=\"mailto:contato@k2consultoria.com\" target=\"_blank\" rel=\"noopener\">contato@k2consultoria.com<\/a><\/span><\/p><\/div>\n\t\t\t\t<\/div>\n\t\t\t\t<\/div>\n\t\t\t\t\t\t<\/div>\n\t\t\t<\/div>\n\t\t<\/div>\n\t\t\t\t\t\t<\/div>\n\t\t\t<\/div>\n\t\t<\/section>\n\t\t\t\t<section class=\"elementor-element elementor-element-6de03c66 elementor-section-full_width elementor-section-height-min-height elementor-section-height-default elementor-section-items-middle elementor-section elementor-top-section\" data-id=\"6de03c66\" data-element_type=\"section\" data-settings=\"{&quot;background_background&quot;:&quot;classic&quot;}\">\n\t\t\t\t\t\t<div class=\"elementor-container elementor-column-gap-default\">\n\t\t\t\t<div class=\"elementor-row\">\n\t\t\t\t<div class=\"elementor-element elementor-element-544600a2 elementor-column elementor-col-100 elementor-top-column\" data-id=\"544600a2\" data-element_type=\"column\">\n\t\t\t<div class=\"elementor-column-wrap  elementor-element-populated\">\n\t\t\t\t\t<div class=\"elementor-widget-wrap\">\n\t\t\t\t<div class=\"elementor-element elementor-element-76de5dae elementor-widget elementor-widget-text-editor\" data-id=\"76de5dae\" data-element_type=\"widget\" data-widget_type=\"text-editor.default\">\n\t\t\t\t<div class=\"elementor-widget-container\">\n\t\t\t\t\t<div class=\"elementor-text-editor elementor-clearfix\"><p style=\"text-align: center;\"><span style=\"color: #ffffff; font-size: 10pt; font-family: arial, helvetica, sans-serif;\">Copyright \u00a9 2025 Massa Falida da S. A. Via\u00e7\u00e3o A\u00e9rea RioGrandense, Rio Sul e Nordeste. Todos os direitos reservados.<\/span><\/p><\/div>\n\t\t\t\t<\/div>\n\t\t\t\t<\/div>\n\t\t\t\t\t\t<\/div>\n\t\t\t<\/div>\n\t\t<\/div>\n\t\t\t\t\t\t<\/div>\n\t\t\t<\/div>\n\t\t<\/section>\n\t\t\t\t\t\t<\/div>\n\t\t\t<\/div>\n\t\t<\/div>\n\t\t","protected":false},"excerpt":{"rendered":"<p>Rela\u00e7\u00e3o de Credores 2\u00aa Rela\u00e7\u00e3o de Credores 1\u00aa Rela\u00e7\u00e3o de Credores 2\u00aa Rela\u00e7\u00e3o de Credores Lista de Credores &#8211; Concursal Classe 1 &#8211; SAVARG (Download) Lista de Credores &#8211; Concursal Classe 1 &#8211; RIO SUL (Download) Lista de Credores &#8211; Concursal Classe 1 &#8211; NORDESTE (Download) Credores Extraconcursais Classe 1 &#8211; SAVARG (Download) Credores Extraconcursais &hellip; <a href=\"https:\/\/sanordesteriosul.com.br\/index.php\/relacao-de-credores\/\" class=\"more-link\">Continue lendo<span class=\"screen-reader-text\"> &#8220;Rela\u00e7\u00e3o de Credores&#8221;<\/span><\/a><\/p>\n","protected":false},"author":1,"featured_media":0,"parent":0,"menu_order":0,"comment_status":"closed","ping_status":"closed","template":"elementor_canvas","meta":{"footnotes":""},"class_list":["post-342","page","type-page","status-publish","hentry"],"_links":{"self":[{"href":"https:\/\/sanordesteriosul.com.br\/index.php\/wp-json\/wp\/v2\/pages\/342","targetHints":{"allow":["GET"]}}],"collection":[{"href":"https:\/\/sanordesteriosul.com.br\/index.php\/wp-json\/wp\/v2\/pages"}],"about":[{"href":"https:\/\/sanordesteriosul.com.br\/index.php\/wp-json\/wp\/v2\/types\/page"}],"author":[{"embeddable":true,"href":"https:\/\/sanordesteriosul.com.br\/index.php\/wp-json\/wp\/v2\/users\/1"}],"replies":[{"embeddable":true,"href":"https:\/\/sanordesteriosul.com.br\/index.php\/wp-json\/wp\/v2\/comments?post=342"}],"version-history":[{"count":30,"href":"https:\/\/sanordesteriosul.com.br\/index.php\/wp-json\/wp\/v2\/pages\/342\/revisions"}],"predecessor-version":[{"id":2419,"href":"https:\/\/sanordesteriosul.com.br\/index.php\/wp-json\/wp\/v2\/pages\/342\/revisions\/2419"}],"wp:attachment":[{"href":"https:\/\/sanordesteriosul.com.br\/index.php\/wp-json\/wp\/v2\/media?parent=342"}],"curies":[{"name":"wp","href":"https:\/\/api.w.org\/{rel}","templated":true}]}}